{"id":2238,"date":"2026-03-28T01:02:13","date_gmt":"2026-03-28T00:02:13","guid":{"rendered":"https:\/\/piscineipoolgo.com\/?page_id=2238"},"modified":"2026-03-28T18:01:53","modified_gmt":"2026-03-28T17:01:53","slug":"mentions-legales","status":"publish","type":"page","link":"https:\/\/piscineipoolgo.com\/en\/mentions-legales\/","title":{"rendered":"Mentions l\u00e9gales"},"content":{"rendered":"<div data-elementor-type=\"wp-page\" data-elementor-id=\"2238\" class=\"elementor elementor-2238\" data-elementor-post-type=\"page\">\n\t\t\t\t<div class=\"wd-negative-gap elementor-element elementor-element-6bc76744 e-flex e-con-boxed e-con e-parent\" data-id=\"6bc76744\" data-element_type=\"container\" data-e-type=\"container\">\n\t\t\t\t\t<div class=\"e-con-inner\">\n\t\t\t\t<div class=\"elementor-element elementor-element-75a125c2 color-scheme-inherit text-left elementor-widget elementor-widget-text-editor\" data-id=\"75a125c2\" data-element_type=\"widget\" data-e-type=\"widget\" data-widget_type=\"text-editor.default\">\n\t\t\t\t\t\t\t\t\t\n<p><\/p>\n\t\t\t\t\t\t\t\t<\/div>\n\t\t\t\t\t<\/div>\n\t\t\t\t<\/div>\n\t\t<div class=\"wd-negative-gap elementor-element elementor-element-690d03c e-flex e-con-boxed e-con e-parent\" data-id=\"690d03c\" data-element_type=\"container\" data-e-type=\"container\">\n\t\t\t\t\t<div class=\"e-con-inner\">\n\t\t\t\t<div class=\"elementor-element elementor-element-b44461a elementor-widget elementor-widget-wd_text_block\" data-id=\"b44461a\" data-element_type=\"widget\" data-e-type=\"widget\" data-widget_type=\"wd_text_block.default\">\n\t\t\t\t<div class=\"elementor-widget-container\">\n\t\t\t\t\t\t\t<div class=\"wd-text-block reset-last-child text-left\">\n\t\t\t\n\t\t\t<div class=\"tVu25\">\n<div class=\"nH a4O\">\n<div class=\"nH\">\n<div class=\"nH aqk aql bkL\">\n<div class=\"nH bkK\">\n<div class=\"nH\">\n<div class=\"nH ar4 z\">\n<div class=\"aeI\">\n<div class=\"AO\">\n<div id=\":3\" class=\"Tm aeJ cgjhk\">\n<div id=\":1\" class=\"aeF\">\n<div class=\"nH\">\n<div class=\"nH\" role=\"main\">\n<div class=\"nH g\">\n<div class=\"nH a98 iY\">\n<div class=\"nH\">\n<div class=\"aHU hx\">\n<div role=\"list\">\n<div class=\"h7 ie\" tabindex=\"-1\" role=\"listitem\" aria-expanded=\"true\">\n<div class=\"Bk\">\n<div class=\"G3 G2\">\n<div id=\"avWBGd-3\">\n<div id=\"avWBGd-4\">\n<div class=\"adn ads\" data-message-id=\"#msg-f:1860861206761776888\" data-legacy-message-id=\"19d31b68855726f8\">\n<div class=\"gs\">\n<div class=\"\">\n<div id=\":nt\" class=\"ii gt\">\n<div id=\":ns\" class=\"a3s aiL\">\n<div id=\"avWBGd-20\">\n<div>\n<p>MENTIONS L\u00c9GALES<\/p>\n<p><a href=\"http:\/\/piscineipoolgo.com\/en\/\" target=\"_blank\" rel=\"noopener\" data-saferedirecturl=\"https:\/\/www.google.com\/url?q=http:\/\/piscineipoolgo.com&amp;source=gmail&amp;ust=1774742563595000&amp;usg=AOvVaw3bmjg8rx81pbhRfT9qhny_\">piscineipoolgo.com<\/a><\/p>\n<p>Conform\u00e9ment \u00e0 la loi n\u00b02004-575 du 21 juin 2004 pour la confiance dans l'\u00e9conomie num\u00e9rique (LCEN)<\/p>\n<p>\u00a0<\/p>\n<p>1. \u00c9diteur du site<\/p>\n<p>Nom commercial : Piscine iPoolGo<\/p>\n<p>Raison sociale : VIRAGE<\/p>\n<p>Forme juridique :\u00a0Soci\u00e9t\u00e9 par actions simplifi\u00e9e (SAS)<\/p>\n<p>Capital social :\u00a010 000 euros<\/p>\n<p>Si\u00e8ge social :\u00a010 Rue Louis Vicat, 75015 Paris, France<\/p>\n<p>SIRET :\u00a0892 260 712 00021<\/p>\n<p>Num\u00e9ro de TVA intracommunautaire :\u00a0FR24 892 260 712<\/p>\n<p>Responsable de la publication : Jihad FATTAH<\/p>\n<p>Email : <a href=\"mailto:contact@piscineipoolgo.com\" target=\"_blank\" rel=\"noopener\">contact@piscineipoolgo.com<\/a><\/p>\n<p>T\u00e9l\u00e9phone :\u00a0+33 (0)7 80 80 67 64<\/p>\n<p>\u00a0<\/p>\n<p>\u00a0<\/p>\n<p>2. H\u00e9bergeur du site<\/p>\n<p>H\u00e9bergeur :\u00a0Automattic Inc. \/ WordPress.com<\/p>\n<p>Adresse :\u00a060 29th Street #343, San Francisco, CA 94110, \u00c9tats-Unis<\/p>\n<p>Site web :\u00a0<a href=\"https:\/\/wordpress.com\/\" target=\"_blank\" rel=\"noopener\" data-saferedirecturl=\"https:\/\/www.google.com\/url?q=https:\/\/wordpress.com&amp;source=gmail&amp;ust=1774742563595000&amp;usg=AOvVaw0S5IzyXFzfqDBjx00c3_HG\">https:\/\/wordpress.com<\/a><\/p>\n<p>\u00a0<\/p>\n<p>3. Propri\u00e9t\u00e9 intellectuelle<\/p>\n<p>L'ensemble du contenu du site\u00a0<a href=\"http:\/\/piscineipoolgo.com\/en\/\" target=\"_blank\" rel=\"noopener\" data-saferedirecturl=\"https:\/\/www.google.com\/url?q=http:\/\/piscineipoolgo.com&amp;source=gmail&amp;ust=1774742563595000&amp;usg=AOvVaw3bmjg8rx81pbhRfT9qhny_\">piscineipoolgo.com<\/a> (textes, images, logos, visuels, structure, base de donn\u00e9es) est la propri\u00e9t\u00e9 exclusive de Piscine iPoolGo \/ VIRAGE, sauf mention contraire.<\/p>\n<p>\u00a0<\/p>\n<p>Toute reproduction, repr\u00e9sentation, modification, publication ou adaptation de tout ou partie des \u00e9l\u00e9ments du site, quel que soit le moyen ou le proc\u00e9d\u00e9 utilis\u00e9, est interdite sans autorisation \u00e9crite pr\u00e9alable de l'\u00e9diteur.<\/p>\n<p>\u00a0<\/p>\n<p>Toute exploitation non autoris\u00e9e du site ou de son contenu sera consid\u00e9r\u00e9e comme constitutive d'une contrefa\u00e7on et poursuivie conform\u00e9ment aux dispositions des articles L.335-2 et suivants du Code de la propri\u00e9t\u00e9 intellectuelle.<\/p>\n<p>4. Donn\u00e9es personnelles<\/p>\n<p>Conform\u00e9ment au R\u00e8glement G\u00e9n\u00e9ral sur la Protection des Donn\u00e9es (RGPD \u2013 UE 2016\/679) et \u00e0 la loi Informatique et Libert\u00e9s modifi\u00e9e, iPoolGo traite vos donn\u00e9es personnelles dans le cadre de :<\/p>\n<div>\u2022\u00a0l'ex\u00e9cution des commandes et contrats de vente<\/div>\n<div>\u2022\u00a0la gestion du service client et du SAV<\/div>\n<div>\u2022\u00a0l'envoi de communications commerciales (avec votre consentement)<\/div>\n<div>\u2022\u00a0l'am\u00e9lioration de l'exp\u00e9rience utilisateur<\/div>\n<p>Le responsable du traitement est : VIRAGE, 10 Rue Louis Vicat, 75015 Paris.<\/p>\n<p>Conform\u00e9ment \u00e0 la r\u00e9glementation en vigueur, vous disposez des droits suivants sur vos donn\u00e9es : acc\u00e8s, rectification, effacement, opposition, portabilit\u00e9 et limitation du traitement. Pour exercer ces droits, contactez-nous \u00e0 :\u00a0<a href=\"mailto:contact@piscineipoolgo.com\" target=\"_blank\" rel=\"noopener\">contact@piscineipoolgo.com<\/a><\/p>\n<p>\u00a0<\/p>\n<p>En cas de r\u00e9clamation non r\u00e9solue, vous pouvez saisir la Commission Nationale de l'Informatique et des Libert\u00e9s (CNIL) :\u00a0<a href=\"http:\/\/www.cnil.fr\/\" target=\"_blank\" rel=\"noopener\" data-saferedirecturl=\"https:\/\/www.google.com\/url?q=http:\/\/www.cnil.fr&amp;source=gmail&amp;ust=1774742563595000&amp;usg=AOvVaw2te9HjYG7S_my8yEEnk09O\">www.cnil.fr<\/a><\/p>\n<p>5. Cookies<\/p>\n<p>Le site\u00a0<a href=\"http:\/\/piscineipoolgo.com\/en\/\" target=\"_blank\" rel=\"noopener\" data-saferedirecturl=\"https:\/\/www.google.com\/url?q=http:\/\/piscineipoolgo.com&amp;source=gmail&amp;ust=1774742563595000&amp;usg=AOvVaw3bmjg8rx81pbhRfT9qhny_\">piscineipoolgo.com<\/a>\u00a0utilise des cookies techniques, analytiques et publicitaires afin d'am\u00e9liorer votre exp\u00e9rience de navigation.<\/p>\n<p>Vous pouvez param\u00e9trer vos pr\u00e9f\u00e9rences en mati\u00e8re de cookies via le bandeau de consentement affich\u00e9 lors de votre premi\u00e8re visite, ou \u00e0 tout moment via notre politique de cookies accessible en bas de page.<\/p>\n<p>\u00a0<\/p>\n<p>6. Limitation de responsabilit\u00e9<\/p>\n<p>Piscine iPoolGo s'efforce d'assurer l'exactitude et la mise \u00e0 jour des informations diffus\u00e9es sur son site. Toutefois, iPoolGo ne peut garantir l'exactitude, la pr\u00e9cision ou l'exhaustivit\u00e9 des informations disponibles.<\/p>\n<p>\u00a0<\/p>\n<p>En cons\u00e9quence, Piscine iPoolGo d\u00e9cline toute responsabilit\u00e9 pour toute impr\u00e9cision, inexactitude ou omission portant sur des informations disponibles sur le site, ainsi que pour tout dommage r\u00e9sultant d'une intrusion frauduleuse d'un tiers.<\/p>\n<p>7. Liens hypertextes<\/p>\n<p>Le site\u00a0<a href=\"http:\/\/piscineipoolgo.com\/en\/\" target=\"_blank\" rel=\"noopener\" data-saferedirecturl=\"https:\/\/www.google.com\/url?q=http:\/\/piscineipoolgo.com&amp;source=gmail&amp;ust=1774742563595000&amp;usg=AOvVaw3bmjg8rx81pbhRfT9qhny_\">piscineipoolgo.com<\/a>\u00a0peut contenir des liens vers d'autres sites internet. iPoolGo n'exerce aucun contr\u00f4le sur ces sites et d\u00e9cline toute responsabilit\u00e9 quant \u00e0 leur contenu, leurs pratiques en mati\u00e8re de confidentialit\u00e9 ou leur disponibilit\u00e9.<\/p>\n<p>8. Droit applicable et juridiction<\/p>\n<p>Les pr\u00e9sentes mentions l\u00e9gales sont soumises au droit fran\u00e7ais. En cas de litige, et \u00e0 d\u00e9faut de r\u00e9solution amiable, les tribunaux fran\u00e7ais seront seuls comp\u00e9tents.<\/p>\n<\/div>\n<\/div>\n<\/div>\n<\/div>\n<\/div>\n<\/div>\n<\/div>\n<\/div>\n<\/div>\n<\/div>\n<\/div>\n<\/div>\n<\/div>\n<\/div>\n<\/div>\n<\/div>\n<\/div>\n<\/div>\n<\/div>\n<\/div>\n<\/div>\n<\/div>\n<\/div>\n<\/div>\n<\/div>\n<\/div>\n<div class=\"nH\">\n<div class=\"aUx\">\n<div class=\"bAw bcf it\">\n<div class=\"brC-dA-I-Jw brC-aMv-auO\">\u00a0<\/div>\n<\/div>\n<\/div>\n<\/div>\n<\/div>\n<\/div>\n<\/div>\n<\/div>\n<div class=\"vY nq\">\u00a0<\/div>\n<div>\n<div>\u00a0<\/div>\n<\/div>\n\n\t\t\t\t\t<\/div>\n\t\t\t\t\t\t<\/div>\n\t\t\t\t<\/div>\n\t\t\t\t\t<\/div>\n\t\t\t\t<\/div>\n\t\t\t\t<\/div>","protected":false},"excerpt":{"rendered":"<p>MENTIONS L\u00c9GALES piscineipoolgo.com Conform\u00e9ment \u00e0 la loi n\u00b02004-575 du 21 juin 2004 pour la confiance dans l&#8217;\u00e9conomie num\u00e9rique (LCEN) \u00a0<\/p>","protected":false},"author":2,"featured_media":0,"parent":0,"menu_order":0,"comment_status":"closed","ping_status":"closed","template":"","meta":{"footnotes":""},"class_list":["post-2238","page","type-page","status-publish","hentry"],"jetpack_sharing_enabled":true,"_links":{"self":[{"href":"https:\/\/piscineipoolgo.com\/en\/wp-json\/wp\/v2\/pages\/2238","targetHints":{"allow":["GET"]}}],"collection":[{"href":"https:\/\/piscineipoolgo.com\/en\/wp-json\/wp\/v2\/pages"}],"about":[{"href":"https:\/\/piscineipoolgo.com\/en\/wp-json\/wp\/v2\/types\/page"}],"author":[{"embeddable":true,"href":"https:\/\/piscineipoolgo.com\/en\/wp-json\/wp\/v2\/users\/2"}],"replies":[{"embeddable":true,"href":"https:\/\/piscineipoolgo.com\/en\/wp-json\/wp\/v2\/comments?post=2238"}],"version-history":[{"count":13,"href":"https:\/\/piscineipoolgo.com\/en\/wp-json\/wp\/v2\/pages\/2238\/revisions"}],"predecessor-version":[{"id":2279,"href":"https:\/\/piscineipoolgo.com\/en\/wp-json\/wp\/v2\/pages\/2238\/revisions\/2279"}],"wp:attachment":[{"href":"https:\/\/piscineipoolgo.com\/en\/wp-json\/wp\/v2\/media?parent=2238"}],"curies":[{"name":"wp","href":"https:\/\/api.w.org\/{rel}","templated":true}]}}