{"id":29,"date":"2025-10-16T14:51:25","date_gmt":"2025-10-16T14:51:25","guid":{"rendered":"https:\/\/dummy.xtemos.com\/woodmart2\/christmas-shop-elementor\/?page_id=29"},"modified":"2025-12-09T17:52:02","modified_gmt":"2025-12-09T16:52:02","slug":"a-propos","status":"publish","type":"page","link":"https:\/\/piscineipoolgo.com\/en\/a-propos\/","title":{"rendered":"\u00c0 propos"},"content":{"rendered":"<div data-elementor-type=\"wp-page\" data-elementor-id=\"29\" class=\"elementor elementor-29\" data-elementor-post-type=\"page\">\n\t\t\t\t<div class=\"elementor-element elementor-element-bbb8f88 wd-section-stretch e-flex e-con-boxed e-con e-parent\" data-id=\"bbb8f88\" data-element_type=\"container\" data-e-type=\"container\" data-settings=\"{&quot;background_background&quot;:&quot;classic&quot;}\">\n\t\t\t\t\t<div class=\"e-con-inner\">\n\t\t\t\t<div class=\"elementor-element elementor-element-728fc05 wd-width-100 elementor-widget elementor-widget-wd_title\" data-id=\"728fc05\" data-element_type=\"widget\" data-e-type=\"widget\" data-widget_type=\"wd_title.default\">\n\t\t\t\t<div class=\"elementor-widget-container\">\n\t\t\t\t\t\t\t<div class=\"title-wrapper wd-set-mb reset-last-child wd-title-color-default wd-title-style-shadow wd-title-size-default text-center\">\n\n\t\t\t\t\t\t\t\t\t\t\t<div class=\"title-subtitle subtitle-color-default subtitle-style-default wd-fontsize-xs\">\n\t\t\t\t\tInnovation, fiabilit\u00e9 et design pens\u00e9 pour sublimer chaque moment chez vous et en ext\u00e9rieur.\t\t\t\t<\/div>\n\t\t\t\n\t\t\t<div class=\"liner-continer\">\n\t\t\t\t<h4 class=\"woodmart-title-container title wd-fontsize-l\">Nous cr\u00e9ons des solutions modernes pour votre confort au quotidien<\/h4> \n\t\t\t\t\t\t\t<\/div>\n\n\t\t\t\t\t\t\t<div class=\"title-after_title reset-last-child wd-fontsize-xs\">\n\t\t\t\t\t<p>De l\u2019essentiel pratique aux produits qui am\u00e9liorent votre bien-\u00eatre, notre mission est de simplifier votre quotidien gr\u00e2ce \u00e0 des solutions durables, \u00e9l\u00e9gantes et intelligemment con\u00e7ues.<br \/>Que vous am\u00e9nagiez votre espace ext\u00e9rieur, recherchiez plus de d\u00e9tente ou souhaitiez des produits de qualit\u00e9 sup\u00e9rieure, nous sommes l\u00e0 pour vous offrir une exp\u00e9rience fluide, moderne et inspirante.<\/p>\t\t\t\t<\/div>\n\t\t\t\t\t<\/div>\n\t\t\t\t\t\t<\/div>\n\t\t\t\t<\/div>\n\t\t\t\t\t<\/div>\n\t\t\t\t<\/div>\n\t\t<div class=\"wd-negative-gap elementor-element elementor-element-532df0f e-flex e-con-boxed e-con e-parent\" data-id=\"532df0f\" data-element_type=\"container\" data-e-type=\"container\">\n\t\t\t\t\t<div class=\"e-con-inner\">\n\t\t<div class=\"elementor-element elementor-element-63a0cb5 e-con-full e-flex e-con e-child\" data-id=\"63a0cb5\" data-element_type=\"container\" data-e-type=\"container\">\n\t\t\t\t<div class=\"elementor-element elementor-element-20033e3 wd-width-100 elementor-widget elementor-widget-wd_video\" data-id=\"20033e3\" data-element_type=\"widget\" data-e-type=\"widget\" data-widget_type=\"wd_video.default\">\n\t\t\t\t<div class=\"elementor-widget-container\">\n\t\t\t\t\t\n\t\t<div class=\"wd-el-video wd-action-without wd-video-hosted\">\n\t\t\t\t\t\t\t<video src=\"https:\/\/piscineipoolgo.com\/wp-content\/uploads\/2025\/12\/snaptik_7574705554065657110_v2.mp4\" playsinline loop muted autoplay><\/video>\t\t\t\n\t\t\t\n\t\t\t\n\t\t\t\t\t<\/div>\n\t\t\t\t\t\t<\/div>\n\t\t\t\t<\/div>\n\t\t\t\t<\/div>\n\t\t<div class=\"elementor-element elementor-element-a8a42d3 e-con-full e-flex e-con e-child\" data-id=\"a8a42d3\" data-element_type=\"container\" data-e-type=\"container\">\n\t\t<div class=\"elementor-element elementor-element-44eeb45 e-con-full e-flex e-con e-child\" data-id=\"44eeb45\" data-element_type=\"container\" data-e-type=\"container\">\n\t\t\t\t<div class=\"elementor-element elementor-element-63b00f8 elementor-widget elementor-widget-heading\" data-id=\"63b00f8\" data-element_type=\"widget\" data-e-type=\"widget\" data-widget_type=\"heading.default\">\n\t\t\t\t\t<h2 class=\"elementor-heading-title elementor-size-default\">QUI SOMMES-NOUS ?<\/h2>\t\t\t\t<\/div>\n\t\t\t\t<\/div>\n\t\t<div class=\"elementor-element elementor-element-0e47efa e-con-full e-flex e-con e-child\" data-id=\"0e47efa\" data-element_type=\"container\" data-e-type=\"container\">\n\t\t\t\t<div class=\"elementor-element elementor-element-71932f8 elementor-widget elementor-widget-heading\" data-id=\"71932f8\" data-element_type=\"widget\" data-e-type=\"widget\" data-widget_type=\"heading.default\">\n\t\t\t\t\t<h2 class=\"elementor-heading-title elementor-size-default\">Une \u00e9quipe passionn\u00e9e d\u00e9di\u00e9e au confort moderne<\/h2>\t\t\t\t<\/div>\n\t\t\t\t<\/div>\n\t\t<div class=\"elementor-element elementor-element-e004d1a e-con-full e-flex e-con e-child\" data-id=\"e004d1a\" data-element_type=\"container\" data-e-type=\"container\">\n\t\t\t\t<div class=\"elementor-element elementor-element-b733e21 color-scheme-inherit text-left elementor-widget elementor-widget-text-editor\" data-id=\"b733e21\" data-element_type=\"widget\" data-e-type=\"widget\" data-widget_type=\"text-editor.default\">\n\t\t\t\t\t\t\t\t\t<p>N\u00e9e de la volont\u00e9 d\u2019apporter des solutions modernes, fiables et accessibles, notre soci\u00e9t\u00e9 r\u00e9unit une \u00e9quipe passionn\u00e9e par le design, le confort et l\u2019exp\u00e9rience utilisateur.<br \/>Chaque produit que nous proposons est soigneusement choisi ou d\u00e9velopp\u00e9 pour r\u00e9pondre aux besoins r\u00e9els de nos clients : simplicit\u00e9 d\u2019usage, qualit\u00e9 durable et plaisir d\u2019utilisation.<\/p>\t\t\t\t\t\t\t\t<\/div>\n\t\t\t\t<div class=\"elementor-element elementor-element-32d29cb color-scheme-inherit text-left elementor-widget elementor-widget-text-editor\" data-id=\"32d29cb\" data-element_type=\"widget\" data-e-type=\"widget\" data-widget_type=\"text-editor.default\">\n\t\t\t\t\t\t\t\t\tBas\u00e9s en \u00cele-de-France, nous mettons l\u2019accent sur une approche humaine et authentique : \u00e9coute, r\u00e9activit\u00e9, transparence et accompagnement complet.\t\t\t\t\t\t\t\t<\/div>\n\t\t\t\t<div class=\"elementor-element elementor-element-a1dbf5a color-scheme-inherit text-left elementor-widget elementor-widget-text-editor\" data-id=\"a1dbf5a\" data-element_type=\"widget\" data-e-type=\"widget\" data-widget_type=\"text-editor.default\">\n\t\t\t\t\t\t\t\t\tNotre engagement est clair : offrir des solutions qui am\u00e9liorent la vie de tous les jours, avec une attention constante au d\u00e9tail et \u00e0 la satisfaction client.\t\t\t\t\t\t\t\t<\/div>\n\t\t\t\t<\/div>\n\t\t\t\t<\/div>\n\t\t\t\t\t<\/div>\n\t\t\t\t<\/div>\n\t\t<div class=\"wd-negative-gap elementor-element elementor-element-5f92600 e-flex e-con-boxed e-con e-parent\" data-id=\"5f92600\" data-element_type=\"container\" data-e-type=\"container\">\n\t\t\t\t\t<div class=\"e-con-inner\">\n\t\t<div class=\"elementor-element elementor-element-5ab881a e-con-full e-flex e-con e-child\" data-id=\"5ab881a\" data-element_type=\"container\" data-e-type=\"container\">\n\t\t<div class=\"elementor-element elementor-element-32faf11 e-con-full e-flex e-con e-child\" data-id=\"32faf11\" data-element_type=\"container\" data-e-type=\"container\">\n\t\t\t\t<div class=\"elementor-element elementor-element-b29889f elementor-widget elementor-widget-heading\" data-id=\"b29889f\" data-element_type=\"widget\" data-e-type=\"widget\" data-widget_type=\"heading.default\">\n\t\t\t\t\t<h2 class=\"elementor-heading-title elementor-size-default\">Des produits modernes, pratiques et durables0<\/h2>\t\t\t\t<\/div>\n\t\t\t\t<\/div>\n\t\t<div class=\"elementor-element elementor-element-3ba96ca e-con-full e-flex e-con e-child\" data-id=\"3ba96ca\" data-element_type=\"container\" data-e-type=\"container\">\n\t\t\t\t<div class=\"elementor-element elementor-element-cf548a0 elementor-widget elementor-widget-heading\" data-id=\"cf548a0\" data-element_type=\"widget\" data-e-type=\"widget\" data-widget_type=\"heading.default\">\n\t\t\t\t\t<h2 class=\"elementor-heading-title elementor-size-default\">Nous cr\u00e9ons des solutions qui am\u00e9liorent votre bien-\u00eatre<\/h2>\t\t\t\t<\/div>\n\t\t\t\t<\/div>\n\t\t<div class=\"elementor-element elementor-element-05909d5 e-con-full e-flex e-con e-child\" data-id=\"05909d5\" data-element_type=\"container\" data-e-type=\"container\">\n\t\t\t\t<div class=\"elementor-element elementor-element-b9dd9dc color-scheme-inherit text-left elementor-widget elementor-widget-text-editor\" data-id=\"b9dd9dc\" data-element_type=\"widget\" data-e-type=\"widget\" data-widget_type=\"text-editor.default\">\n\t\t\t\t\t\t\t\t\tNotre expertise couvre un ensemble de produits pens\u00e9s pour r\u00e9pondre aux besoins de confort, de d\u00e9tente et de praticit\u00e9 du quotidien.\t\t\t\t\t\t\t\t<\/div>\n\t\t\t\t<div class=\"elementor-element elementor-element-c517a31 color-scheme-inherit text-left elementor-widget elementor-widget-text-editor\" data-id=\"c517a31\" data-element_type=\"widget\" data-e-type=\"widget\" data-widget_type=\"text-editor.default\">\n\t\t\t\t\t\t\t\t\tNous proposons une gamme innovante compos\u00e9e de piscines gonflables, bains froids, accessoires outdoor et mobilier con\u00e7u pour simplifier l\u2019exp\u00e9rience utilisateur.\t\t\t\t\t\t\t\t<\/div>\n\t\t\t\t<\/div>\n\t\t<div class=\"elementor-element elementor-element-c96b505 e-con-full e-flex e-con e-child\" data-id=\"c96b505\" data-element_type=\"container\" data-e-type=\"container\">\n\t\t\t\t<div class=\"elementor-element elementor-element-3492e10 color-scheme-inherit text-left elementor-widget elementor-widget-text-editor\" data-id=\"3492e10\" data-element_type=\"widget\" data-e-type=\"widget\" data-widget_type=\"text-editor.default\">\n\t\t\t\t\t\t\t\t\t<p>Chaque article est soigneusement s\u00e9lectionn\u00e9 ou d\u00e9velopp\u00e9 selon trois principes essentiels :<\/p>\t\t\t\t\t\t\t\t<\/div>\n\t\t\t\t<div class=\"elementor-element elementor-element-032838b color-scheme-inherit text-left elementor-widget elementor-widget-text-editor\" data-id=\"032838b\" data-element_type=\"widget\" data-e-type=\"widget\" data-widget_type=\"text-editor.default\">\n\t\t\t\t\t\t\t\t\t<ul><li>Fiabilit\u00e9 pour une utilisation sereine,<\/li><li>Design fonctionnel pour une int\u00e9gration naturelle dans vos espaces,<\/li><li>Durabilit\u00e9 pour accompagner vos moments de vie, saison apr\u00e8s saison.<\/li><\/ul>\t\t\t\t\t\t\t\t<\/div>\n\t\t\t\t<div class=\"elementor-element elementor-element-fb189ac color-scheme-inherit text-left elementor-widget elementor-widget-text-editor\" data-id=\"fb189ac\" data-element_type=\"widget\" data-e-type=\"widget\" data-widget_type=\"text-editor.default\">\n\t\t\t\t\t\t\t\t\t<p><strong>Notre objectif :<\/strong> offrir des solutions modernes, accessibles et adapt\u00e9es \u00e0 tous ceux qui veulent profiter d\u2019un meilleur confort, sans compromis sur la qualit\u00e9.<\/p>\t\t\t\t\t\t\t\t<\/div>\n\t\t\t\t<\/div>\n\t\t\t\t<\/div>\n\t\t<div class=\"elementor-element elementor-element-db8953b e-con-full e-flex e-con e-child\" data-id=\"db8953b\" data-element_type=\"container\" data-e-type=\"container\">\n\t\t\t\t<div class=\"elementor-element elementor-element-1903744 elementor-widget elementor-widget-image\" data-id=\"1903744\" data-element_type=\"widget\" data-e-type=\"widget\" data-widget_type=\"image.default\">\n\t\t\t\t\t\t\t\t\t\t\t\t\t\t\t<img loading=\"lazy\" decoding=\"async\" width=\"800\" height=\"800\" src=\"https:\/\/piscineipoolgo.com\/wp-content\/uploads\/2025\/12\/Ipool-go-logo-6-800x800.png\" class=\"attachment-large size-large wp-image-1483\" alt=\"piscine gonflable iPoolGo\" srcset=\"https:\/\/piscineipoolgo.com\/wp-content\/uploads\/2025\/12\/Ipool-go-logo-6-800x800.png 800w, https:\/\/piscineipoolgo.com\/wp-content\/uploads\/2025\/12\/Ipool-go-logo-6-430x430.png 430w, https:\/\/piscineipoolgo.com\/wp-content\/uploads\/2025\/12\/Ipool-go-logo-6-150x150.png 150w, https:\/\/piscineipoolgo.com\/wp-content\/uploads\/2025\/12\/Ipool-go-logo-6-700x700.png 700w, https:\/\/piscineipoolgo.com\/wp-content\/uploads\/2025\/12\/Ipool-go-logo-6-300x300.png 300w, https:\/\/piscineipoolgo.com\/wp-content\/uploads\/2025\/12\/Ipool-go-logo-6-768x768.png 768w, https:\/\/piscineipoolgo.com\/wp-content\/uploads\/2025\/12\/Ipool-go-logo-6.png 1080w\" sizes=\"auto, (max-width: 800px) 100vw, 800px\" \/>\t\t\t\t\t\t\t\t\t\t\t\t\t\t\t<\/div>\n\t\t\t\t<\/div>\n\t\t\t\t\t<\/div>\n\t\t\t\t<\/div>\n\t\t\t\t<\/div>","protected":false},"excerpt":{"rendered":"<p>Innovation, fiabilit\u00e9 et design pens\u00e9 pour sublimer chaque moment chez vous et en ext\u00e9rieur. Nous cr\u00e9ons des solutions modernes pour<\/p>","protected":false},"author":1,"featured_media":0,"parent":0,"menu_order":0,"comment_status":"closed","ping_status":"closed","template":"","meta":{"footnotes":""},"class_list":["post-29","page","type-page","status-publish","hentry"],"jetpack_sharing_enabled":true,"_links":{"self":[{"href":"https:\/\/piscineipoolgo.com\/en\/wp-json\/wp\/v2\/pages\/29","targetHints":{"allow":["GET"]}}],"collection":[{"href":"https:\/\/piscineipoolgo.com\/en\/wp-json\/wp\/v2\/pages"}],"about":[{"href":"https:\/\/piscineipoolgo.com\/en\/wp-json\/wp\/v2\/types\/page"}],"author":[{"embeddable":true,"href":"https:\/\/piscineipoolgo.com\/en\/wp-json\/wp\/v2\/users\/1"}],"replies":[{"embeddable":true,"href":"https:\/\/piscineipoolgo.com\/en\/wp-json\/wp\/v2\/comments?post=29"}],"version-history":[{"count":0,"href":"https:\/\/piscineipoolgo.com\/en\/wp-json\/wp\/v2\/pages\/29\/revisions"}],"wp:attachment":[{"href":"https:\/\/piscineipoolgo.com\/en\/wp-json\/wp\/v2\/media?parent=29"}],"curies":[{"name":"wp","href":"https:\/\/api.w.org\/{rel}","templated":true}]}}