{"id":1741,"date":"2025-12-13T15:10:20","date_gmt":"2025-12-13T14:10:20","guid":{"rendered":"https:\/\/piscineipoolgo.com\/?post_type=product&#038;p=1741"},"modified":"2026-03-29T21:11:23","modified_gmt":"2026-03-29T20:11:23","slug":"robot-nettoyeur-piscine","status":"publish","type":"product","link":"https:\/\/piscineipoolgo.com\/en\/boutique\/accessoires-piscine\/accessoires-divers\/robot-nettoyeur-piscine\/","title":{"rendered":"Robot nettoyeur sans fil"},"content":{"rendered":"<p data-start=\"226\" data-end=\"473\">Le <strong data-start=\"229\" data-end=\"264\">robot nettoyeur de piscine GIGI<\/strong> est la solution id\u00e9ale pour garder votre piscine propre sans effort. Enti\u00e8rement <strong data-start=\"346\" data-end=\"358\">sans fil<\/strong>, il fonctionne de mani\u00e8re autonome et aspire efficacement tous les types de d\u00e9bris pr\u00e9sents au fond de la piscine.<\/p>\n<p data-start=\"475\" data-end=\"755\">Gr\u00e2ce \u00e0 sa <strong data-start=\"486\" data-end=\"519\">puissance d\u2019aspiration \u00e9lev\u00e9e<\/strong>, GIGI \u00e9limine sable, feuilles, cheveux, plastiques et petites branches en un seul passage. Son design compact et ses <strong data-start=\"637\" data-end=\"655\">roues robustes<\/strong> lui permettent de se d\u00e9placer facilement sur le fond de la piscine, assurant un nettoyage homog\u00e8ne.<\/p>\n<p data-start=\"757\" data-end=\"973\">Facile \u00e0 utiliser, il suffit de le placer dans l\u2019eau pour qu\u2019il commence son cycle de nettoyage automatiquement. Son <strong data-start=\"874\" data-end=\"907\">syst\u00e8me de filtration int\u00e9gr\u00e9<\/strong> capture les impuret\u00e9s et se nettoie rapidement apr\u00e8s utilisation.<\/p>","protected":false},"excerpt":{"rendered":"<p data-start=\"1172\" data-end=\"1332\">Robot nettoyeur de piscine <strong data-start=\"1199\" data-end=\"1211\">sans fil<\/strong>, puissant et autonome.<br data-start=\"1234\" data-end=\"1237\" \/>Aspire sable, feuilles, cheveux et d\u00e9bris pour un fond de piscine toujours propre, sans effort.<\/p>","protected":false},"featured_media":1742,"comment_status":"open","ping_status":"closed","template":"","meta":[],"product_brand":[169],"product_cat":[68,182],"product_tag":[194,195,193],"class_list":{"0":"post-1741","1":"product","2":"type-product","3":"status-publish","4":"has-post-thumbnail","6":"product_brand-gigi","7":"product_cat-accessoires-divers","8":"product_cat-boutique","9":"product_tag-aspiration","10":"product_tag-nettoyage","11":"product_tag-robot-nettoyeur","13":"first","14":"instock","15":"taxable","16":"shipping-taxable","17":"purchasable","18":"product-type-simple"},"jetpack_sharing_enabled":true,"_links":{"self":[{"href":"https:\/\/piscineipoolgo.com\/en\/wp-json\/wp\/v2\/product\/1741","targetHints":{"allow":["GET"]}}],"collection":[{"href":"https:\/\/piscineipoolgo.com\/en\/wp-json\/wp\/v2\/product"}],"about":[{"href":"https:\/\/piscineipoolgo.com\/en\/wp-json\/wp\/v2\/types\/product"}],"replies":[{"embeddable":true,"href":"https:\/\/piscineipoolgo.com\/en\/wp-json\/wp\/v2\/comments?post=1741"}],"version-history":[{"count":3,"href":"https:\/\/piscineipoolgo.com\/en\/wp-json\/wp\/v2\/product\/1741\/revisions"}],"predecessor-version":[{"id":1745,"href":"https:\/\/piscineipoolgo.com\/en\/wp-json\/wp\/v2\/product\/1741\/revisions\/1745"}],"wp:featuredmedia":[{"embeddable":true,"href":"https:\/\/piscineipoolgo.com\/en\/wp-json\/wp\/v2\/media\/1742"}],"wp:attachment":[{"href":"https:\/\/piscineipoolgo.com\/en\/wp-json\/wp\/v2\/media?parent=1741"}],"wp:term":[{"taxonomy":"product_brand","embeddable":true,"href":"https:\/\/piscineipoolgo.com\/en\/wp-json\/wp\/v2\/product_brand?post=1741"},{"taxonomy":"product_cat","embeddable":true,"href":"https:\/\/piscineipoolgo.com\/en\/wp-json\/wp\/v2\/product_cat?post=1741"},{"taxonomy":"product_tag","embeddable":true,"href":"https:\/\/piscineipoolgo.com\/en\/wp-json\/wp\/v2\/product_tag?post=1741"}],"curies":[{"name":"wp","href":"https:\/\/api.w.org\/{rel}","templated":true}]}}