{"id":940,"date":"2025-12-01T16:09:07","date_gmt":"2025-12-01T16:09:07","guid":{"rendered":"https:\/\/piscineipoolgo.com\/?post_type=product&#038;p=940"},"modified":"2026-03-29T21:05:21","modified_gmt":"2026-03-29T20:05:21","slug":"jacuzzi-rectangulaire","status":"publish","type":"product","link":"https:\/\/piscineipoolgo.com\/en\/boutique\/bain-glace\/jacuzzi-rectangulaire\/","title":{"rendered":"Bain de Glace Rectangulaire \u2013 Cryoth\u00e9rapie &#038; R\u00e9cup\u00e9ration"},"content":{"rendered":"<style>\n@media (max-width: 767px) {<br \/>\n  .ipoolgo-table-wrapper table {<br \/>\n    font-size: 12px !important;<br \/>\n  }<br \/>\n  .ipoolgo-table-wrapper table th,<br \/>\n  .ipoolgo-table-wrapper table td {<br \/>\n    padding: 6px !important;<br \/>\n  }<br \/>\n}<br \/>\n<\/style>\n<p>Le bain de glace rectangulaire iPoolGo est con\u00e7u pour offrir une exp\u00e9rience de cryoth\u00e9rapie optimale. Gr\u00e2ce \u00e0 ses mat\u00e9riaux robustes et son volume d\u2019eau g\u00e9n\u00e9reux, il permet une immersion froide efficace pour la r\u00e9cup\u00e9ration musculaire, la th\u00e9rapie sportive ou les routines bien-\u00eatre.<\/p>\n<p>Disponible dans un large choix de dimensions, chaque mod\u00e8le s\u2019adapte aussi bien aux sportifs individuels qu\u2019aux centres professionnels.<\/p>\n<div class=\"ipoolgo-table-wrapper\" style=\"width: 100%; overflow-x: auto; margin: 15px 0;\">\n<table style=\"width: 100%; border-collapse: collapse; min-width: 600px;\">\n<tbody>\n<tr>\n<th style=\"border: 1px solid #ddd; padding: 8px; background: #f7f7f7;\">Mod\u00e8le<\/th>\n<th style=\"border: 1px solid #ddd; padding: 8px; background: #f7f7f7;\">Longueur<\/th>\n<th style=\"border: 1px solid #ddd; padding: 8px; background: #f7f7f7;\">Largeur<\/th>\n<th style=\"border: 1px solid #ddd; padding: 8px; background: #f7f7f7;\">Hauteur<\/th>\n<th style=\"border: 1px solid #ddd; padding: 8px; background: #f7f7f7;\">Capacit\u00e9 recommand\u00e9e<\/th>\n<\/tr>\n<tr>\n<td style=\"border: 1px solid #ddd; padding: 8px;\">XL Carr\u00e9<\/td>\n<td style=\"border: 1px solid #ddd; padding: 8px;\">2.4 m<\/td>\n<td style=\"border: 1px solid #ddd; padding: 8px;\">2.4 m<\/td>\n<td style=\"border: 1px solid #ddd; padding: 8px;\">1 m<\/td>\n<td style=\"border: 1px solid #ddd; padding: 8px;\">4 \u00e0 6 personnes<\/td>\n<\/tr>\n<tr>\n<td style=\"border: 1px solid #ddd; padding: 8px;\">XXL Rectangulaire<\/td>\n<td style=\"border: 1px solid #ddd; padding: 8px;\">3 m<\/td>\n<td style=\"border: 1px solid #ddd; padding: 8px;\">2 m<\/td>\n<td style=\"border: 1px solid #ddd; padding: 8px;\">1 m<\/td>\n<td style=\"border: 1px solid #ddd; padding: 8px;\">6 \u00e0 8 personnes<\/td>\n<\/tr>\n<tr>\n<td style=\"border: 1px solid #ddd; padding: 8px;\">Compact M<\/td>\n<td style=\"border: 1px solid #ddd; padding: 8px;\">1.5 m<\/td>\n<td style=\"border: 1px solid #ddd; padding: 8px;\">1.5 m<\/td>\n<td style=\"border: 1px solid #ddd; padding: 8px;\">0.8 m<\/td>\n<td style=\"border: 1px solid #ddd; padding: 8px;\">1 personne<\/td>\n<\/tr>\n<tr>\n<td style=\"border: 1px solid #ddd; padding: 8px;\">Carr\u00e9 L<\/td>\n<td style=\"border: 1px solid #ddd; padding: 8px;\">1.8 m<\/td>\n<td style=\"border: 1px solid #ddd; padding: 8px;\">1.8 m<\/td>\n<td style=\"border: 1px solid #ddd; padding: 8px;\">0.8 m<\/td>\n<td style=\"border: 1px solid #ddd; padding: 8px;\">1 \u00e0 2 personnes<\/td>\n<\/tr>\n<tr>\n<td style=\"border: 1px solid #ddd; padding: 8px;\">Rectangulaire L<\/td>\n<td style=\"border: 1px solid #ddd; padding: 8px;\">2.1 m<\/td>\n<td style=\"border: 1px solid #ddd; padding: 8px;\">1.6 m<\/td>\n<td style=\"border: 1px solid #ddd; padding: 8px;\">0.8 m<\/td>\n<td style=\"border: 1px solid #ddd; padding: 8px;\">1 \u00e0 2 personnes<\/td>\n<\/tr>\n<tr>\n<td style=\"border: 1px solid #ddd; padding: 8px;\">Carr\u00e9 XL<\/td>\n<td style=\"border: 1px solid #ddd; padding: 8px;\">2 m<\/td>\n<td style=\"border: 1px solid #ddd; padding: 8px;\">2 m<\/td>\n<td style=\"border: 1px solid #ddd; padding: 8px;\">0.8 m<\/td>\n<td style=\"border: 1px solid #ddd; padding: 8px;\">2 \u00e0 3 personnes<\/td>\n<\/tr>\n<tr>\n<td style=\"border: 1px solid #ddd; padding: 8px;\">Rectangulaire Compact<\/td>\n<td style=\"border: 1px solid #ddd; padding: 8px;\">1.95 m<\/td>\n<td style=\"border: 1px solid #ddd; padding: 8px;\">1.35 m<\/td>\n<td style=\"border: 1px solid #ddd; padding: 8px;\">0.77 m<\/td>\n<td style=\"border: 1px solid #ddd; padding: 8px;\">1 personne<\/td>\n<\/tr>\n<tr>\n<td style=\"border: 1px solid #ddd; padding: 8px;\">Rectangulaire Long<\/td>\n<td style=\"border: 1px solid #ddd; padding: 8px;\">1.95 m<\/td>\n<td style=\"border: 1px solid #ddd; padding: 8px;\">5 m<\/td>\n<td style=\"border: 1px solid #ddd; padding: 8px;\">1.2 m<\/td>\n<td style=\"border: 1px solid #ddd; padding: 8px;\">Usage professionnel \u2013 immersion totale<\/td>\n<\/tr>\n<\/tbody>\n<\/table>\n<\/div>\n<p>Chaque mod\u00e8le offre une stabilit\u00e9 exceptionnelle, une immersion efficace et une durabilit\u00e9 adapt\u00e9e aussi bien aux sportifs professionnels qu\u2019aux particuliers.<\/p>","protected":false},"excerpt":{"rendered":"<p>Bain de glace rectangulaire haute r\u00e9sistance, id\u00e9al pour la r\u00e9cup\u00e9ration sportive, la cryoth\u00e9rapie et les routines bien-\u00eatre.<br \/>\n<strong>Disponible en plusieurs tailles de 1.5 m \u00e0 3 m.<\/strong><\/p>","protected":false},"featured_media":1005,"comment_status":"open","ping_status":"closed","template":"","meta":[],"product_brand":[55],"product_cat":[60,182],"product_tag":[189,86],"class_list":{"0":"post-940","1":"product","2":"type-product","3":"status-publish","4":"has-post-thumbnail","6":"product_brand-i-pool-go","7":"product_cat-bain-glace","8":"product_cat-boutique","9":"product_tag-bain-glace","10":"product_tag-ice-bath","12":"first","13":"instock","14":"taxable","15":"shipping-taxable","16":"purchasable","17":"product-type-variable","18":"has-default-attributes"},"jetpack_sharing_enabled":true,"_links":{"self":[{"href":"https:\/\/piscineipoolgo.com\/en\/wp-json\/wp\/v2\/product\/940","targetHints":{"allow":["GET"]}}],"collection":[{"href":"https:\/\/piscineipoolgo.com\/en\/wp-json\/wp\/v2\/product"}],"about":[{"href":"https:\/\/piscineipoolgo.com\/en\/wp-json\/wp\/v2\/types\/product"}],"replies":[{"embeddable":true,"href":"https:\/\/piscineipoolgo.com\/en\/wp-json\/wp\/v2\/comments?post=940"}],"version-history":[{"count":1,"href":"https:\/\/piscineipoolgo.com\/en\/wp-json\/wp\/v2\/product\/940\/revisions"}],"predecessor-version":[{"id":2060,"href":"https:\/\/piscineipoolgo.com\/en\/wp-json\/wp\/v2\/product\/940\/revisions\/2060"}],"wp:featuredmedia":[{"embeddable":true,"href":"https:\/\/piscineipoolgo.com\/en\/wp-json\/wp\/v2\/media\/1005"}],"wp:attachment":[{"href":"https:\/\/piscineipoolgo.com\/en\/wp-json\/wp\/v2\/media?parent=940"}],"wp:term":[{"taxonomy":"product_brand","embeddable":true,"href":"https:\/\/piscineipoolgo.com\/en\/wp-json\/wp\/v2\/product_brand?post=940"},{"taxonomy":"product_cat","embeddable":true,"href":"https:\/\/piscineipoolgo.com\/en\/wp-json\/wp\/v2\/product_cat?post=940"},{"taxonomy":"product_tag","embeddable":true,"href":"https:\/\/piscineipoolgo.com\/en\/wp-json\/wp\/v2\/product_tag?post=940"}],"curies":[{"name":"wp","href":"https:\/\/api.w.org\/{rel}","templated":true}]}}