{"id":950,"date":"2025-12-01T16:14:22","date_gmt":"2025-12-01T16:14:22","guid":{"rendered":"https:\/\/piscineipoolgo.com\/?post_type=product&#038;p=950"},"modified":"2026-03-27T21:37:00","modified_gmt":"2026-03-27T20:37:00","slug":"jacuzzi-rond","status":"publish","type":"product","link":"https:\/\/piscineipoolgo.com\/en\/boutique\/bain-glace\/jacuzzi-rond\/","title":{"rendered":"Bain de Glace Ronde \u2013 Piscine Froid"},"content":{"rendered":"<p>Le bain de glace est id\u00e9al pour la r\u00e9cup\u00e9ration musculaire, la cryoth\u00e9rapie et les s\u00e9ances de relaxation. Gr\u00e2ce \u00e0 sa structure robuste et stable, il offre une immersion totale et s\u00e9curis\u00e9e, adapt\u00e9e aussi bien aux sportifs qu&#8217;aux particuliers.<\/p>\n<p>Disponible en plusieurs tailles, il vous permet de choisir le volume d&#8217;eau et l&#8217;espace int\u00e9rieur qui correspondent le mieux \u00e0 vos besoins.<\/p>\n<table style=\"width: 100%; border-collapse: collapse; margin-top: 15px;\">\n<tbody>\n<tr>\n<th style=\"border: 1px solid #ddd; padding: 8px; background: #f7f7f7;\"><span dir=\"auto\" style=\"vertical-align: inherit;\"><span dir=\"auto\" style=\"vertical-align: inherit;\">Mod\u00e8le<\/span><\/span><\/th>\n<th style=\"border: 1px solid #ddd; padding: 8px; background: #f7f7f7;\">Diam\u00e8tre<\/th>\n<th style=\"border: 1px solid #ddd; padding: 8px; background: #f7f7f7;\"><span dir=\"auto\" style=\"vertical-align: inherit;\"><span dir=\"auto\" style=\"vertical-align: inherit;\">Hauteur<\/span><\/span><\/th>\n<th style=\"border: 1px solid #ddd; padding: 8px; background: #f7f7f7;\">Capacit\u00e9 recommand\u00e9e<\/th>\n<\/tr>\n<tr>\n<td style=\"border: 1px solid #ddd; padding: 8px;\"><span dir=\"auto\" style=\"vertical-align: inherit;\"><span dir=\"auto\" style=\"vertical-align: inherit;\">XL model<\/span><\/span><\/td>\n<td style=\"border: 1px solid #ddd; padding: 8px;\"><span dir=\"auto\" style=\"vertical-align: inherit;\"><span dir=\"auto\" style=\"vertical-align: inherit;\">2.4 m<\/span><\/span><\/td>\n<td style=\"border: 1px solid #ddd; padding: 8px;\"><span dir=\"auto\" style=\"vertical-align: inherit;\"><span dir=\"auto\" style=\"vertical-align: inherit;\">1 m<\/span><\/span><\/td>\n<td style=\"border: 1px solid #ddd; padding: 8px;\"><span dir=\"auto\" style=\"vertical-align: inherit;\"><span dir=\"auto\" style=\"vertical-align: inherit;\">2 to 4 people<\/span><\/span><\/td>\n<\/tr>\n<tr>\n<td style=\"border: 1px solid #ddd; padding: 8px;\"><span dir=\"auto\" style=\"vertical-align: inherit;\"><span dir=\"auto\" style=\"vertical-align: inherit;\">Model L<\/span><\/span><\/td>\n<td style=\"border: 1px solid #ddd; padding: 8px;\"><span dir=\"auto\" style=\"vertical-align: inherit;\"><span dir=\"auto\" style=\"vertical-align: inherit;\">2 m<\/span><\/span><\/td>\n<td style=\"border: 1px solid #ddd; padding: 8px;\"><span dir=\"auto\" style=\"vertical-align: inherit;\"><span dir=\"auto\" style=\"vertical-align: inherit;\">0.8 m<\/span><\/span><\/td>\n<td style=\"border: 1px solid #ddd; padding: 8px;\"><span dir=\"auto\" style=\"vertical-align: inherit;\"><span dir=\"auto\" style=\"vertical-align: inherit;\">1 to 2 people<\/span><\/span><\/td>\n<\/tr>\n<tr>\n<td style=\"border: 1px solid #ddd; padding: 8px;\"><span dir=\"auto\" style=\"vertical-align: inherit;\"><span dir=\"auto\" style=\"vertical-align: inherit;\">Model M<\/span><\/span><\/td>\n<td style=\"border: 1px solid #ddd; padding: 8px;\"><span dir=\"auto\" style=\"vertical-align: inherit;\"><span dir=\"auto\" style=\"vertical-align: inherit;\">1.8 m<\/span><\/span><\/td>\n<td style=\"border: 1px solid #ddd; padding: 8px;\"><span dir=\"auto\" style=\"vertical-align: inherit;\"><span dir=\"auto\" style=\"vertical-align: inherit;\">0.8 m<\/span><\/span><\/td>\n<td style=\"border: 1px solid #ddd; padding: 8px;\"><span dir=\"auto\" style=\"vertical-align: inherit;\"><span dir=\"auto\" style=\"vertical-align: inherit;\">1 person<\/span><\/span><\/td>\n<\/tr>\n<tr>\n<td style=\"border: 1px solid #ddd; padding: 8px;\"><span dir=\"auto\" style=\"vertical-align: inherit;\"><span dir=\"auto\" style=\"vertical-align: inherit;\">Model L+<\/span><\/span><\/td>\n<td style=\"border: 1px solid #ddd; padding: 8px;\"><span dir=\"auto\" style=\"vertical-align: inherit;\"><span dir=\"auto\" style=\"vertical-align: inherit;\">2.3 m<\/span><\/span><\/td>\n<td style=\"border: 1px solid:#ddd; padding: 8px;\"><span dir=\"auto\" style=\"vertical-align: inherit;\"><span dir=\"auto\" style=\"vertical-align: inherit;\">0.8 m<\/span><\/span><\/td>\n<td style=\"border: 1px solid:#ddd; padding: 8px;\"><span dir=\"auto\" style=\"vertical-align: inherit;\"><span dir=\"auto\" style=\"vertical-align: inherit;\">2 to 3 people<\/span><\/span><\/td>\n<\/tr>\n<\/tbody>\n<\/table>\n<p><span dir=\"auto\" style=\"vertical-align: inherit;\"><span dir=\"auto\" style=\"vertical-align: inherit;\">Fabriqu\u00e9 avec des mat\u00e9riaux durables, ce bain de glace offre une excellente isolation thermique, une grande stabilit\u00e9 et une durabilit\u00e9 optimale. Parfait pour une utilisation sportive intensive ou un espace bien-\u00eatre \u00e0 domicile.<\/span><\/span><\/p>","protected":false},"excerpt":{"rendered":"<p>Bain de glace rond id\u00e9al pour la r\u00e9cup\u00e9ration musculaire et la relaxation. Disponible en plusieurs diametres 1,8m, 2m, 2,3m, 2,4m<\/p>","protected":false},"featured_media":1004,"comment_status":"open","ping_status":"closed","template":"","meta":[],"product_brand":[55],"product_cat":[60,182],"product_tag":[],"class_list":{"0":"post-950","1":"product","2":"type-product","3":"status-publish","4":"has-post-thumbnail","6":"product_brand-i-pool-go","7":"product_cat-bain-glace","8":"product_cat-boutique","10":"first","11":"instock","12":"taxable","13":"shipping-taxable","14":"purchasable","15":"product-type-variable","16":"has-default-attributes"},"jetpack_sharing_enabled":true,"_links":{"self":[{"href":"https:\/\/piscineipoolgo.com\/en\/wp-json\/wp\/v2\/product\/950","targetHints":{"allow":["GET"]}}],"collection":[{"href":"https:\/\/piscineipoolgo.com\/en\/wp-json\/wp\/v2\/product"}],"about":[{"href":"https:\/\/piscineipoolgo.com\/en\/wp-json\/wp\/v2\/types\/product"}],"replies":[{"embeddable":true,"href":"https:\/\/piscineipoolgo.com\/en\/wp-json\/wp\/v2\/comments?post=950"}],"version-history":[{"count":4,"href":"https:\/\/piscineipoolgo.com\/en\/wp-json\/wp\/v2\/product\/950\/revisions"}],"predecessor-version":[{"id":2227,"href":"https:\/\/piscineipoolgo.com\/en\/wp-json\/wp\/v2\/product\/950\/revisions\/2227"}],"wp:featuredmedia":[{"embeddable":true,"href":"https:\/\/piscineipoolgo.com\/en\/wp-json\/wp\/v2\/media\/1004"}],"wp:attachment":[{"href":"https:\/\/piscineipoolgo.com\/en\/wp-json\/wp\/v2\/media?parent=950"}],"wp:term":[{"taxonomy":"product_brand","embeddable":true,"href":"https:\/\/piscineipoolgo.com\/en\/wp-json\/wp\/v2\/product_brand?post=950"},{"taxonomy":"product_cat","embeddable":true,"href":"https:\/\/piscineipoolgo.com\/en\/wp-json\/wp\/v2\/product_cat?post=950"},{"taxonomy":"product_tag","embeddable":true,"href":"https:\/\/piscineipoolgo.com\/en\/wp-json\/wp\/v2\/product_tag?post=950"}],"curies":[{"name":"wp","href":"https:\/\/api.w.org\/{rel}","templated":true}]}}