{"id":967,"date":"2025-12-01T16:28:44","date_gmt":"2025-12-01T16:28:44","guid":{"rendered":"https:\/\/piscineipoolgo.com\/?post_type=product&#038;p=967"},"modified":"2026-03-19T18:42:50","modified_gmt":"2026-03-19T17:42:50","slug":"table-gonflable","status":"publish","type":"product","link":"https:\/\/piscineipoolgo.com\/en\/boutique\/mobilier-gonflable\/tables-gonflables\/table-gonflable\/","title":{"rendered":"Table Gonflable"},"content":{"rendered":"<p>La table gonflable iPoolGo est con\u00e7ue pour offrir un espace pratique, confortable et polyvalent pour vos activit\u00e9s en ext\u00e9rieur. Gr\u00e2ce \u00e0 la technologie <strong>Drop Stitch<\/strong>, elle b\u00e9n\u00e9ficie d&#8217;une structure extr\u00eamement r\u00e9sistante qui conserve sa forme, tout en restant l\u00e9g\u00e8re et facile \u00e0 transporter une fois d\u00e9gonfl\u00e9e.<\/p>\n<table style=\"width: 100%; border-collapse: collapse; margin-top: 15px;\">\n<tbody>\n<tr>\n<th style=\"border: 1px solid #ddd; padding: 8px; background: #f7f7f7;\">Caract\u00e9ristiques<\/th>\n<th style=\"border: 1px solid #ddd; padding: 8px; background: #f7f7f7;\">D\u00e9tails<\/th>\n<\/tr>\n<tr>\n<td style=\"border: 1px solid #ddd; padding: 8px;\">Longueur<\/td>\n<td style=\"border: 1px solid #ddd; padding: 8px;\">1.3 m<\/td>\n<\/tr>\n<tr>\n<td style=\"border: 1px solid #ddd; padding: 8px;\">Largeur<\/td>\n<td style=\"border: 1px solid #ddd; padding: 8px;\">0.80 m<\/td>\n<\/tr>\n<tr>\n<td style=\"border: 1px solid #ddd; padding: 8px;\">Hauteur<\/td>\n<td style=\"border: 1px solid #ddd; padding: 8px;\">0.5 m<\/td>\n<\/tr>\n<tr>\n<td style=\"border: 1px solid #ddd; padding: 8px;\">Technologie<\/td>\n<td style=\"border: 1px solid #ddd; padding: 8px;\">Drop Stitch haute r\u00e9sistance<\/td>\n<\/tr>\n<tr>\n<td style=\"border: 1px solid #ddd; padding: 8px;\">Utilisation<\/td>\n<td style=\"border: 1px solid #ddd; padding: 8px;\">Plage, jardin, terrasse, camping, pique-nique<\/td>\n<\/tr>\n<\/tbody>\n<\/table>\n<p>Facile \u00e0 gonfler et \u00e0 d\u00e9gonfler, elle se plie en quelques secondes et se transporte ais\u00e9ment. Parfaite pour cr\u00e9er un espace convivial o\u00f9 que vous soyez : jardin, plage, camping ou terrasse.<\/p>","protected":false},"excerpt":{"rendered":"<p data-start=\"295\" data-end=\"508\">Table gonflable de haute qualit\u00e9 fabriqu\u00e9e en technologie <strong data-start=\"353\" data-end=\"368\">Drop Stitch<\/strong>, offrant une surface r\u00e9sistante, stable et id\u00e9ale pour la plage, le jardin, le camping ou la terrasse.<\/p>\n<p><strong>Dimensions : 1.3 \u00d7 0.80 \u00d7 0.5 m.<\/strong><\/p>","protected":false},"featured_media":1010,"comment_status":"open","ping_status":"closed","template":"","meta":[],"product_brand":[55],"product_cat":[182,71],"product_tag":[],"class_list":{"0":"post-967","1":"product","2":"type-product","3":"status-publish","4":"has-post-thumbnail","6":"product_brand-i-pool-go","7":"product_cat-boutique","8":"product_cat-tables-gonflables","10":"first","11":"instock","12":"taxable","13":"shipping-taxable","14":"purchasable","15":"product-type-simple"},"jetpack_sharing_enabled":true,"_links":{"self":[{"href":"https:\/\/piscineipoolgo.com\/en\/wp-json\/wp\/v2\/product\/967","targetHints":{"allow":["GET"]}}],"collection":[{"href":"https:\/\/piscineipoolgo.com\/en\/wp-json\/wp\/v2\/product"}],"about":[{"href":"https:\/\/piscineipoolgo.com\/en\/wp-json\/wp\/v2\/types\/product"}],"replies":[{"embeddable":true,"href":"https:\/\/piscineipoolgo.com\/en\/wp-json\/wp\/v2\/comments?post=967"}],"version-history":[{"count":1,"href":"https:\/\/piscineipoolgo.com\/en\/wp-json\/wp\/v2\/product\/967\/revisions"}],"predecessor-version":[{"id":2056,"href":"https:\/\/piscineipoolgo.com\/en\/wp-json\/wp\/v2\/product\/967\/revisions\/2056"}],"wp:featuredmedia":[{"embeddable":true,"href":"https:\/\/piscineipoolgo.com\/en\/wp-json\/wp\/v2\/media\/1010"}],"wp:attachment":[{"href":"https:\/\/piscineipoolgo.com\/en\/wp-json\/wp\/v2\/media?parent=967"}],"wp:term":[{"taxonomy":"product_brand","embeddable":true,"href":"https:\/\/piscineipoolgo.com\/en\/wp-json\/wp\/v2\/product_brand?post=967"},{"taxonomy":"product_cat","embeddable":true,"href":"https:\/\/piscineipoolgo.com\/en\/wp-json\/wp\/v2\/product_cat?post=967"},{"taxonomy":"product_tag","embeddable":true,"href":"https:\/\/piscineipoolgo.com\/en\/wp-json\/wp\/v2\/product_tag?post=967"}],"curies":[{"name":"wp","href":"https:\/\/api.w.org\/{rel}","templated":true}]}}