{"id":974,"date":"2025-12-01T16:39:49","date_gmt":"2025-12-01T16:39:49","guid":{"rendered":"https:\/\/piscineipoolgo.com\/?post_type=product&#038;p=974"},"modified":"2026-04-01T11:44:17","modified_gmt":"2026-04-01T10:44:17","slug":"filtration","status":"publish","type":"product","link":"https:\/\/piscineipoolgo.com\/en\/boutique\/accessoires-piscine\/systemes-de-filtration\/filtration\/","title":{"rendered":"Syst\u00e8me de Filtration \u00e0 Sable Ipoolgo"},"content":{"rendered":"<p>Nos syst\u00e8mes de filtration \u00e0 sable Ipoolgo offrent une performance optimale pour garder votre eau propre et claire.<\/p>\n<table style=\"width: 100%; border-collapse: collapse;\">\n<tbody>\n<tr>\n<th style=\"border: 1px solid #ddd; padding: 8px; background: #f7f7f7;\">Caract\u00e9ristiques<\/th>\n<th style=\"border: 1px solid #ddd; padding: 8px; background: #f7f7f7;\">8706 L\/h<\/th>\n<th style=\"border: 1px solid #ddd; padding: 8px; background: #f7f7f7;\"><\/th>\n<\/tr>\n<tr>\n<td style=\"border: 1px solid #ddd; padding: 8px;\">D\u00e9bit<\/td>\n<td style=\"border: 1px solid #ddd; padding: 8px;\">8 706 L\/h<\/td>\n<td style=\"border: 1px solid #ddd; padding: 8px;\"><\/td>\n<\/tr>\n<tr>\n<td style=\"border: 1px solid #ddd; padding: 8px;\">Puissance moteur<\/td>\n<td style=\"border: 1px solid #ddd; padding: 8px;\">90W<\/td>\n<td style=\"border: 1px solid #ddd; padding: 8px;\"><\/td>\n<\/tr>\n<tr>\n<td style=\"border: 1px solid #ddd; padding: 8px;\">Raccord tuyau<\/td>\n<td style=\"border: 1px solid #ddd; padding: 8px;\">32 mm<\/td>\n<td style=\"border: 1px solid #ddd; padding: 8px;\"><\/td>\n<\/tr>\n<tr>\n<td style=\"border: 1px solid #ddd; padding: 8px;\">Capacit\u00e9 sable<\/td>\n<td style=\"border: 1px solid #ddd; padding: 8px;\">8 kg<\/td>\n<td style=\"border: 1px solid #ddd; padding: 8px;\"><\/td>\n<\/tr>\n<tr>\n<td style=\"border: 1px solid #ddd; padding: 8px;\">Dimensions (L \u00d7 l \u00d7 H)<\/td>\n<td style=\"border: 1px solid #ddd; padding: 8px;\">32 \u00d7 32 \u00d7 30 cm<\/td>\n<td style=\"border: 1px solid #ddd; padding: 8px;\"><\/td>\n<\/tr>\n<\/tbody>\n<\/table>\n<p>Ces syst\u00e8mes de filtration \u00e0 sable sont id\u00e9als pour maintenir une eau propre, claire et saine. Leur moteur puissant assure une circulation efficace, tandis que la cuve robuste offre une longue dur\u00e9e de vie. Choisissez simplement le d\u00e9bit adapt\u00e9 \u00e0 la taille de votre piscine.<\/p>","protected":false},"excerpt":{"rendered":"<p>Optimisez la qualit\u00e9 de l\u2019eau de votre piscine avec notre syst\u00e8me de filtration \u00e0 sable Ipoolgo 8705<strong data-start=\"414\" data-end=\"426\">\u00a0L\/h<\/strong>. Performant, silencieux et durable, il garantit une eau propre tout l\u2019\u00e9t\u00e9.<\/p>","protected":false},"featured_media":1057,"comment_status":"open","ping_status":"closed","template":"","meta":[],"product_brand":[169],"product_cat":[57,182,67],"product_tag":[],"class_list":{"0":"post-974","1":"product","2":"type-product","3":"status-publish","4":"has-post-thumbnail","6":"product_brand-gigi","7":"product_cat-accessoires-piscine","8":"product_cat-boutique","9":"product_cat-systemes-de-filtration","11":"first","12":"instock","13":"taxable","14":"shipping-taxable","15":"purchasable","16":"product-type-variable"},"jetpack_sharing_enabled":true,"_links":{"self":[{"href":"https:\/\/piscineipoolgo.com\/en\/wp-json\/wp\/v2\/product\/974","targetHints":{"allow":["GET"]}}],"collection":[{"href":"https:\/\/piscineipoolgo.com\/en\/wp-json\/wp\/v2\/product"}],"about":[{"href":"https:\/\/piscineipoolgo.com\/en\/wp-json\/wp\/v2\/types\/product"}],"replies":[{"embeddable":true,"href":"https:\/\/piscineipoolgo.com\/en\/wp-json\/wp\/v2\/comments?post=974"}],"version-history":[{"count":6,"href":"https:\/\/piscineipoolgo.com\/en\/wp-json\/wp\/v2\/product\/974\/revisions"}],"predecessor-version":[{"id":2364,"href":"https:\/\/piscineipoolgo.com\/en\/wp-json\/wp\/v2\/product\/974\/revisions\/2364"}],"wp:featuredmedia":[{"embeddable":true,"href":"https:\/\/piscineipoolgo.com\/en\/wp-json\/wp\/v2\/media\/1057"}],"wp:attachment":[{"href":"https:\/\/piscineipoolgo.com\/en\/wp-json\/wp\/v2\/media?parent=974"}],"wp:term":[{"taxonomy":"product_brand","embeddable":true,"href":"https:\/\/piscineipoolgo.com\/en\/wp-json\/wp\/v2\/product_brand?post=974"},{"taxonomy":"product_cat","embeddable":true,"href":"https:\/\/piscineipoolgo.com\/en\/wp-json\/wp\/v2\/product_cat?post=974"},{"taxonomy":"product_tag","embeddable":true,"href":"https:\/\/piscineipoolgo.com\/en\/wp-json\/wp\/v2\/product_tag?post=974"}],"curies":[{"name":"wp","href":"https:\/\/api.w.org\/{rel}","templated":true}]}}